{"id":2,"date":"2014-12-18T10:41:10","date_gmt":"2014-12-18T10:41:10","guid":{"rendered":"http:\/\/services.mairie-sotteville-les-rouen.fr\/wordpress\/?page_id=2"},"modified":"2015-01-13T17:23:54","modified_gmt":"2015-01-13T16:23:54","slug":"page-d-exemple","status":"publish","type":"page","link":"https:\/\/services.mairie-sotteville-les-rouen.fr\/","title":{"rendered":"Inscription &#8211; Stationnement altern\u00e9"},"content":{"rendered":"<p><strong>Du 1er au 15 du mois, le stationnement est autoris\u00e9 du c\u00f4t\u00e9 des num\u00e9ros impairs de la rue et du 16 au dernier jour du mois, il est autoris\u00e9 du c\u00f4t\u00e9 pair.\u00a0<\/strong><em>Renseignements au 02 35 63 60 94<\/em><\/p>\n<p>Vous avez la possibilit\u00e9 de vous inscrire ci-dessous afin de recevoir un rappel par E-mail le jour ou vous devrez changer votre v\u00e9hicule de c\u00f4t\u00e9.<\/p>\n<div class=\"widget_wysija_cont shortcode_wysija\"><div id=\"msg-form-wysija-shortcode69e9de7db472d-3\" class=\"wysija-msg ajax\"><\/div><form id=\"form-wysija-shortcode69e9de7db472d-3\" method=\"post\" action=\"#wysija\" class=\"widget_wysija shortcode_wysija\">\n<p class=\"wysija-paragraph\">\n    <label>Nom <span class=\"wysija-required\">*<\/span><\/label>\n    \n    \t<input type=\"text\" name=\"wysija[user][lastname]\" class=\"wysija-input validate[required]\" title=\"Nom\"  value=\"\" \/>\n    \n    \n    \n    <span class=\"abs-req\">\n        <input type=\"text\" name=\"wysija[user][abs][lastname]\" class=\"wysija-input validated[abs][lastname]\" value=\"\" \/>\n    <\/span>\n    \n<\/p>\n<p class=\"wysija-paragraph\">\n    <label>Pr\u00e9nom <span class=\"wysija-required\">*<\/span><\/label>\n    \n    \t<input type=\"text\" name=\"wysija[user][firstname]\" class=\"wysija-input validate[required]\" title=\"Pr\u00e9nom\"  value=\"\" \/>\n    \n    \n    \n    <span class=\"abs-req\">\n        <input type=\"text\" name=\"wysija[user][abs][firstname]\" class=\"wysija-input validated[abs][firstname]\" value=\"\" \/>\n    <\/span>\n    \n<\/p>\n<p class=\"wysija-paragraph\">\n    <label>E-mail <span class=\"wysija-required\">*<\/span><\/label>\n    \n    \t<input type=\"text\" name=\"wysija[user][email]\" class=\"wysija-input validate[required,custom[email]]\" title=\"E-mail\"  value=\"\" \/>\n    \n    \n    \n    <span class=\"abs-req\">\n        <input type=\"text\" name=\"wysija[user][abs][email]\" class=\"wysija-input validated[abs][email]\" value=\"\" \/>\n    <\/span>\n    \n<\/p>\n\r\n<input class=\"wysija-submit wysija-submit-field\" type=\"submit\" value=\"Je m'abonne !\" \/>\n\n    <input type=\"hidden\" name=\"form_id\" value=\"3\" \/>\n    <input type=\"hidden\" name=\"action\" value=\"save\" \/>\n    <input type=\"hidden\" name=\"controller\" value=\"subscribers\" \/>\n    <input type=\"hidden\" value=\"1\" name=\"wysija-page\" \/>\n\n    \n        <input type=\"hidden\" name=\"wysija[user_list][list_ids]\" value=\"3\" \/>\n    \n <\/form><\/div>\n<p>&nbsp;<\/p>\n<p style=\"text-align: center;\">\n","protected":false},"excerpt":{"rendered":"<p>Du 1er au 15 du mois, le stationnement est autoris\u00e9 du c\u00f4t\u00e9 des num\u00e9ros impairs de la rue et du 16 au dernier jour du mois, il est autoris\u00e9 du c\u00f4t\u00e9 pair.\u00a0Renseignements au 02 35 63 60 94 Vous avez la possibilit\u00e9 de vous inscrire ci-dessous afin de recevoir un rappel par E-mail le jour [&hellip;]<\/p>\n","protected":false},"author":1,"featured_media":0,"parent":0,"menu_order":0,"comment_status":"closed","ping_status":"closed","template":"","meta":[],"_links":{"self":[{"href":"https:\/\/services.mairie-sotteville-les-rouen.fr\/index.php?rest_route=\/wp\/v2\/pages\/2"}],"collection":[{"href":"https:\/\/services.mairie-sotteville-les-rouen.fr\/index.php?rest_route=\/wp\/v2\/pages"}],"about":[{"href":"https:\/\/services.mairie-sotteville-les-rouen.fr\/index.php?rest_route=\/wp\/v2\/types\/page"}],"author":[{"embeddable":true,"href":"https:\/\/services.mairie-sotteville-les-rouen.fr\/index.php?rest_route=\/wp\/v2\/users\/1"}],"replies":[{"embeddable":true,"href":"https:\/\/services.mairie-sotteville-les-rouen.fr\/index.php?rest_route=%2Fwp%2Fv2%2Fcomments&post=2"}],"version-history":[{"count":0,"href":"https:\/\/services.mairie-sotteville-les-rouen.fr\/index.php?rest_route=\/wp\/v2\/pages\/2\/revisions"}],"wp:attachment":[{"href":"https:\/\/services.mairie-sotteville-les-rouen.fr\/index.php?rest_route=%2Fwp%2Fv2%2Fmedia&parent=2"}],"curies":[{"name":"wp","href":"https:\/\/api.w.org\/{rel}","templated":true}]}}